{"id":200,"date":"2023-09-12T17:19:08","date_gmt":"2023-09-12T15:19:08","guid":{"rendered":"https:\/\/fiore.vamtam.com\/?page_id=200"},"modified":"2023-11-13T15:55:49","modified_gmt":"2023-11-13T14:55:49","slug":"donde-estamos","status":"publish","type":"page","link":"https:\/\/galiflor.eu\/en\/donde-estamos\/","title":{"rendered":"D\u00f3nde Estamos"},"content":{"rendered":"<div data-elementor-type=\"wp-page\" data-elementor-id=\"200\" class=\"elementor elementor-200\" data-elementor-post-type=\"page\">\n\t\t\t\t\t\t\t\t\t<section class=\"elementor-section elementor-top-section elementor-element elementor-element-d7a53be elementor-section-height-min-height elementor-section-items-stretch elementor-section-content-bottom elementor-section-boxed elementor-section-height-default\" data-id=\"d7a53be\" data-element_type=\"section\" data-settings=\"{&quot;background_background&quot;:&quot;classic&quot;}\">\n\t\t\t\t\t\t<div class=\"elementor-container elementor-column-gap-no\">\n\t\t\t\t\t<div class=\"elementor-column elementor-col-100 elementor-top-column elementor-element elementor-element-b1b4039\" data-id=\"b1b4039\" data-element_type=\"column\">\n\t\t\t<div class=\"elementor-widget-wrap elementor-element-populated\">\n\t\t\t\t\t\t\t\t<div class=\"elementor-element elementor-element-9e8c3bf e-transform elementor-widget-divider--view-line elementor-widget elementor-widget-divider\" data-id=\"9e8c3bf\" data-element_type=\"widget\" data-settings=\"{&quot;_transform_rotateZ_effect&quot;:{&quot;unit&quot;:&quot;px&quot;,&quot;size&quot;:90,&quot;sizes&quot;:[]},&quot;motion_fx_motion_fx_scrolling&quot;:&quot;yes&quot;,&quot;motion_fx_translateX_effect&quot;:&quot;yes&quot;,&quot;motion_fx_translateX_direction&quot;:&quot;negative&quot;,&quot;motion_fx_translateX_speed&quot;:{&quot;unit&quot;:&quot;px&quot;,&quot;size&quot;:2,&quot;sizes&quot;:[]},&quot;motion_fx_translateX_affectedRange&quot;:{&quot;unit&quot;:&quot;%&quot;,&quot;size&quot;:&quot;&quot;,&quot;sizes&quot;:{&quot;start&quot;:25,&quot;end&quot;:65}},&quot;motion_fx_devices&quot;:[&quot;desktop&quot;],&quot;_transform_rotateZ_effect_tablet&quot;:{&quot;unit&quot;:&quot;deg&quot;,&quot;size&quot;:&quot;&quot;,&quot;sizes&quot;:[]},&quot;_transform_rotateZ_effect_mobile&quot;:{&quot;unit&quot;:&quot;deg&quot;,&quot;size&quot;:&quot;&quot;,&quot;sizes&quot;:[]}}\" data-widget_type=\"divider.default\">\n\t\t\t\t<div class=\"elementor-widget-container\">\n\t\t\t<style>\/*! elementor - v3.16.0 - 13-09-2023 *\/\n.elementor-widget-divider{--divider-border-style:none;--divider-border-width:1px;--divider-color:#0c0d0e;--divider-icon-size:20px;--divider-element-spacing:10px;--divider-pattern-height:24px;--divider-pattern-size:20px;--divider-pattern-url:none;--divider-pattern-repeat:repeat-x}.elementor-widget-divider .elementor-divider{display:flex}.elementor-widget-divider .elementor-divider__text{font-size:15px;line-height:1;max-width:95%}.elementor-widget-divider .elementor-divider__element{margin:0 var(--divider-element-spacing);flex-shrink:0}.elementor-widget-divider .elementor-icon{font-size:var(--divider-icon-size)}.elementor-widget-divider .elementor-divider-separator{display:flex;margin:0;direction:ltr}.elementor-widget-divider--view-line_icon .elementor-divider-separator,.elementor-widget-divider--view-line_text .elementor-divider-separator{align-items:center}.elementor-widget-divider--view-line_icon .elementor-divider-separator:after,.elementor-widget-divider--view-line_icon .elementor-divider-separator:before,.elementor-widget-divider--view-line_text .elementor-divider-separator:after,.elementor-widget-divider--view-line_text .elementor-divider-separator:before{display:block;content:\"\";border-bottom:0;flex-grow:1;border-top:var(--divider-border-width) var(--divider-border-style) var(--divider-color)}.elementor-widget-divider--element-align-left .elementor-divider .elementor-divider-separator>.elementor-divider__svg:first-of-type{flex-grow:0;flex-shrink:100}.elementor-widget-divider--element-align-left .elementor-divider-separator:before{content:none}.elementor-widget-divider--element-align-left .elementor-divider__element{margin-left:0}.elementor-widget-divider--element-align-right .elementor-divider .elementor-divider-separator>.elementor-divider__svg:last-of-type{flex-grow:0;flex-shrink:100}.elementor-widget-divider--element-align-right .elementor-divider-separator:after{content:none}.elementor-widget-divider--element-align-right .elementor-divider__element{margin-right:0}.elementor-widget-divider:not(.elementor-widget-divider--view-line_text):not(.elementor-widget-divider--view-line_icon) .elementor-divider-separator{border-top:var(--divider-border-width) var(--divider-border-style) var(--divider-color)}.elementor-widget-divider--separator-type-pattern{--divider-border-style:none}.elementor-widget-divider--separator-type-pattern.elementor-widget-divider--view-line .elementor-divider-separator,.elementor-widget-divider--separator-type-pattern:not(.elementor-widget-divider--view-line) .elementor-divider-separator:after,.elementor-widget-divider--separator-type-pattern:not(.elementor-widget-divider--view-line) .elementor-divider-separator:before,.elementor-widget-divider--separator-type-pattern:not([class*=elementor-widget-divider--view]) .elementor-divider-separator{width:100%;min-height:var(--divider-pattern-height);-webkit-mask-size:var(--divider-pattern-size) 100%;mask-size:var(--divider-pattern-size) 100%;-webkit-mask-repeat:var(--divider-pattern-repeat);mask-repeat:var(--divider-pattern-repeat);background-color:var(--divider-color);-webkit-mask-image:var(--divider-pattern-url);mask-image:var(--divider-pattern-url)}.elementor-widget-divider--no-spacing{--divider-pattern-size:auto}.elementor-widget-divider--bg-round{--divider-pattern-repeat:round}.rtl .elementor-widget-divider .elementor-divider__text{direction:rtl}.e-con-inner>.elementor-widget-divider,.e-con>.elementor-widget-divider{width:var(--container-widget-width,100%);--flex-grow:var(--container-widget-flex-grow)}<\/style>\t\t<div class=\"elementor-divider\">\n\t\t\t<span class=\"elementor-divider-separator\">\n\t\t\t\t\t\t<\/span>\n\t\t<\/div>\n\t\t\t\t<\/div>\n\t\t\t\t<\/div>\n\t\t\t\t\t<\/div>\n\t\t<\/div>\n\t\t\t\t\t\t\t<\/div>\n\t\t<\/section>\n\t\t\t\t<section class=\"elementor-section elementor-top-section elementor-element elementor-element-2776b9f elementor-section-boxed elementor-section-height-default elementor-section-height-default\" data-id=\"2776b9f\" data-element_type=\"section\">\n\t\t\t\t\t\t<div class=\"elementor-container elementor-column-gap-no\">\n\t\t\t\t\t<div class=\"elementor-column elementor-col-100 elementor-top-column elementor-element elementor-element-c354eb4\" data-id=\"c354eb4\" data-element_type=\"column\">\n\t\t\t<div class=\"elementor-widget-wrap elementor-element-populated\">\n\t\t\t\t\t\t\t\t<div class=\"elementor-element elementor-element-798a973 elementor-invisible elementor-widget elementor-widget-theme-post-title elementor-page-title elementor-widget-heading\" data-id=\"798a973\" data-element_type=\"widget\" data-settings=\"{&quot;_animation&quot;:&quot;fadeInUp&quot;,&quot;_animation_tablet&quot;:&quot;none&quot;}\" data-widget_type=\"theme-post-title.default\">\n\t\t\t\t<div class=\"elementor-widget-container\">\n\t\t\t<style>\/*! elementor - v3.16.0 - 13-09-2023 *\/\n.elementor-heading-title{padding:0;margin:0;line-height:1}.elementor-widget-heading .elementor-heading-title[class*=elementor-size-]>a{color:inherit;font-size:inherit;line-height:inherit}.elementor-widget-heading .elementor-heading-title.elementor-size-small{font-size:15px}.elementor-widget-heading .elementor-heading-title.elementor-size-medium{font-size:19px}.elementor-widget-heading .elementor-heading-title.elementor-size-large{font-size:29px}.elementor-widget-heading .elementor-heading-title.elementor-size-xl{font-size:39px}.elementor-widget-heading .elementor-heading-title.elementor-size-xxl{font-size:59px}<\/style><h1 class=\"elementor-heading-title elementor-size-default\">D\u00f3nde Estamos<\/h1>\t\t<\/div>\n\t\t\t\t<\/div>\n\t\t\t\t\t<\/div>\n\t\t<\/div>\n\t\t\t\t\t\t\t<\/div>\n\t\t<\/section>\n\t\t\t\t<section class=\"elementor-section elementor-top-section elementor-element elementor-element-d28f4f9 elementor-section-boxed elementor-section-height-default elementor-section-height-default\" data-id=\"d28f4f9\" data-element_type=\"section\">\n\t\t\t\t\t\t<div class=\"elementor-container elementor-column-gap-no\">\n\t\t\t\t\t<div class=\"elementor-column elementor-col-50 elementor-top-column elementor-element elementor-element-be73135\" data-id=\"be73135\" data-element_type=\"column\" data-settings=\"{&quot;background_background&quot;:&quot;classic&quot;,&quot;background_motion_fx_motion_fx_scrolling&quot;:&quot;yes&quot;,&quot;background_motion_fx_scale_effect&quot;:&quot;yes&quot;,&quot;background_motion_fx_scale_speed&quot;:{&quot;unit&quot;:&quot;px&quot;,&quot;size&quot;:2,&quot;sizes&quot;:[]},&quot;background_motion_fx_devices&quot;:[&quot;desktop&quot;],&quot;background_motion_fx_scale_direction&quot;:&quot;out-in&quot;,&quot;background_motion_fx_scale_range&quot;:{&quot;unit&quot;:&quot;%&quot;,&quot;size&quot;:&quot;&quot;,&quot;sizes&quot;:{&quot;start&quot;:20,&quot;end&quot;:80}}}\">\n\t\t\t<div class=\"elementor-widget-wrap elementor-element-populated\">\n\t\t\t\t\t\t\t\t<div class=\"elementor-element elementor-element-78b3365 elementor-widget elementor-widget-spacer\" data-id=\"78b3365\" data-element_type=\"widget\" data-widget_type=\"spacer.default\">\n\t\t\t\t<div class=\"elementor-widget-container\">\n\t\t\t<style>\/*! elementor - v3.16.0 - 13-09-2023 *\/\n.elementor-column .elementor-spacer-inner{height:var(--spacer-size)}.e-con{--container-widget-width:100%}.e-con-inner>.elementor-widget-spacer,.e-con>.elementor-widget-spacer{width:var(--container-widget-width,var(--spacer-size));--align-self:var(--container-widget-align-self,initial);--flex-shrink:0}.e-con-inner>.elementor-widget-spacer>.elementor-widget-container,.e-con>.elementor-widget-spacer>.elementor-widget-container{height:100%;width:100%}.e-con-inner>.elementor-widget-spacer>.elementor-widget-container>.elementor-spacer,.e-con>.elementor-widget-spacer>.elementor-widget-container>.elementor-spacer{height:100%}.e-con-inner>.elementor-widget-spacer>.elementor-widget-container>.elementor-spacer>.elementor-spacer-inner,.e-con>.elementor-widget-spacer>.elementor-widget-container>.elementor-spacer>.elementor-spacer-inner{height:var(--container-widget-height,var(--spacer-size))}.e-con-inner>.elementor-widget-spacer.elementor-widget-empty,.e-con>.elementor-widget-spacer.elementor-widget-empty{position:relative;min-height:22px;min-width:22px}.e-con-inner>.elementor-widget-spacer.elementor-widget-empty .elementor-widget-empty-icon,.e-con>.elementor-widget-spacer.elementor-widget-empty .elementor-widget-empty-icon{position:absolute;top:0;bottom:0;left:0;right:0;margin:auto;padding:0;width:22px;height:22px}<\/style>\t\t<div class=\"elementor-spacer\">\n\t\t\t<div class=\"elementor-spacer-inner\"><\/div>\n\t\t<\/div>\n\t\t\t\t<\/div>\n\t\t\t\t<\/div>\n\t\t\t\t\t<\/div>\n\t\t<\/div>\n\t\t\t\t<div class=\"elementor-column elementor-col-50 elementor-top-column elementor-element elementor-element-2e5dc08\" data-id=\"2e5dc08\" data-element_type=\"column\">\n\t\t\t<div class=\"elementor-widget-wrap elementor-element-populated\">\n\t\t\t\t\t\t\t\t<div class=\"elementor-element elementor-element-7ddcbba elementor-widget elementor-widget-heading\" data-id=\"7ddcbba\" data-element_type=\"widget\" data-widget_type=\"heading.default\">\n\t\t\t\t<div class=\"elementor-widget-container\">\n\t\t\t<h2 class=\"elementor-heading-title elementor-size-default\">Galiflor<\/h2>\t\t<\/div>\n\t\t\t\t<\/div>\n\t\t\t\t<div class=\"vamtam-has-theme-widget-styles elementor-element elementor-element-2aaf887 elementor-widget elementor-widget-text-editor\" data-id=\"2aaf887\" data-element_type=\"widget\" data-widget_type=\"text-editor.default\">\n\t\t\t\t<div class=\"elementor-widget-container\">\n\t\t\t<style>\/*! elementor - v3.16.0 - 13-09-2023 *\/\n.elementor-widget-text-editor.elementor-drop-cap-view-stacked .elementor-drop-cap{background-color:#69727d;color:#fff}.elementor-widget-text-editor.elementor-drop-cap-view-framed .elementor-drop-cap{color:#69727d;border:3px solid;background-color:transparent}.elementor-widget-text-editor:not(.elementor-drop-cap-view-default) .elementor-drop-cap{margin-top:8px}.elementor-widget-text-editor:not(.elementor-drop-cap-view-default) .elementor-drop-cap-letter{width:1em;height:1em}.elementor-widget-text-editor .elementor-drop-cap{float:left;text-align:center;line-height:1;font-size:50px}.elementor-widget-text-editor .elementor-drop-cap-letter{display:inline-block}<\/style>\t\t\t\t<p>Nuestros viveros est\u00e1n ubicados en un lugar privilegiado de <strong>A Costa da Morte<\/strong>, junto al arenal de<strong> Area Maior<\/strong>.<\/p><p>Visita nuestras instalaciones, situadas a 65 km de <strong>Santiago de Compostela<\/strong>, la capital de Galicia; y a 100 km de <strong>A Coru\u00f1a<\/strong>.<\/p>\t\t\t\t\t\t<\/div>\n\t\t\t\t<\/div>\n\t\t\t\t<div class=\"elementor-element elementor-element-f87c0a8 elementor-widget elementor-widget-heading\" data-id=\"f87c0a8\" data-element_type=\"widget\" data-widget_type=\"heading.default\">\n\t\t\t\t<div class=\"elementor-widget-container\">\n\t\t\t<h3 class=\"elementor-heading-title elementor-size-default\">Direcci\u00f3n<\/h3>\t\t<\/div>\n\t\t\t\t<\/div>\n\t\t\t\t<div class=\"vamtam-has-theme-widget-styles elementor-element elementor-element-b0a103e elementor-widget elementor-widget-text-editor\" data-id=\"b0a103e\" data-element_type=\"widget\" data-widget_type=\"text-editor.default\">\n\t\t\t\t<div class=\"elementor-widget-container\">\n\t\t\t\t\t\t\t<p>Xalfas, 1. 15291 &#8211; Muros (A Coru\u00f1a)<\/p>\t\t\t\t\t\t<\/div>\n\t\t\t\t<\/div>\n\t\t\t\t<div class=\"elementor-element elementor-element-466735a elementor-widget elementor-widget-heading\" data-id=\"466735a\" data-element_type=\"widget\" data-widget_type=\"heading.default\">\n\t\t\t\t<div class=\"elementor-widget-container\">\n\t\t\t<h3 class=\"elementor-heading-title elementor-size-default\">Horarios<\/h3>\t\t<\/div>\n\t\t\t\t<\/div>\n\t\t\t\t<div class=\"vamtam-has-theme-widget-styles elementor-element elementor-element-620dd21 elementor-widget elementor-widget-text-editor\" data-id=\"620dd21\" data-element_type=\"widget\" data-widget_type=\"text-editor.default\">\n\t\t\t\t<div class=\"elementor-widget-container\">\n\t\t\t\t\t\t\t<p>Lunes &#8211; Viernes: 10:00 &#8211; 13:30 | 16:30 &#8211; 19:30<br \/>S\u00e1bado: 10:00 &#8211; 13:30<\/p>\t\t\t\t\t\t<\/div>\n\t\t\t\t<\/div>\n\t\t\t\t<div class=\"elementor-element elementor-element-d303a69 elementor-widget elementor-widget-heading\" data-id=\"d303a69\" data-element_type=\"widget\" data-widget_type=\"heading.default\">\n\t\t\t\t<div class=\"elementor-widget-container\">\n\t\t\t<h3 class=\"elementor-heading-title elementor-size-default\">Contacto<\/h3>\t\t<\/div>\n\t\t\t\t<\/div>\n\t\t\t\t<div class=\"vamtam-has-theme-widget-styles elementor-element elementor-element-6098c05 elementor-widget elementor-widget-text-editor\" data-id=\"6098c05\" data-element_type=\"widget\" data-widget_type=\"text-editor.default\">\n\t\t\t\t<div class=\"elementor-widget-container\">\n\t\t\t\t\t\t\t<p><a href=\"tel:+34665700783\" target=\"_blank\" rel=\"noopener\">+34 665 70 07 83<\/a><br \/><a href=\"mailto:import@galiflor.eu\" target=\"_blank\" rel=\"noopener\">import@galiflor.eu<\/a><\/p>\t\t\t\t\t\t<\/div>\n\t\t\t\t<\/div>\n\t\t\t\t<div class=\"vamtam-has-theme-widget-styles elementor-element elementor-element-fcbe685 elementor-widget elementor-widget-button\" data-id=\"fcbe685\" data-element_type=\"widget\" data-widget_type=\"button.default\">\n\t\t\t\t<div class=\"elementor-widget-container\">\n\t\t\t\t\t\t\t<div class=\"elementor-button-wrapper\">\n\t\t\t\t\t<a href=\"https:\/\/www.google.com\/maps\/dir\/\/galiflor\/data=!4m6!4m5!1m1!4e2!1m2!1m1!1s0xd2f2bdc1fd87b8f:0xe7044254f0e07d83?sa=X&#038;ved=2ahUKEwjL4bzQ_cCCAxVyUKQEHdnaCfUQ9Rd6BAhHEAA\" target=\"_blank\" rel=\"nofollow\" class=\"elementor-button-link elementor-button elementor-size-sm\" role=\"button\">\n\t\t\t\t\t\t\t\t\t\t\t\t\t\t\t<span class=\"elementor-button-content-wrapper\">\n\t\t\t\t\t\t<span class=\"elementor-button-text\">\u00bfC\u00f3mo llegar?<\/span>\n\t\t<\/span>\n\t\t\t\t\t\t\t\t\t\t\t\t\t<\/a>\n\t\t\t\t<\/div>\n\t\t\t\t\t\t<\/div>\n\t\t\t\t<\/div>\n\t\t\t\t\t<\/div>\n\t\t<\/div>\n\t\t\t\t\t\t\t<\/div>\n\t\t<\/section>\n\t\t\t\t\t\t\t<\/div>","protected":false},"excerpt":{"rendered":"<p>Galiflor Nuestros viveros est\u00e1n ubicados en un lugar privilegiado de A Costa da Morte, junto al arenal de Area Maior. Visita nuestras instalaciones, situadas a 65 km de Santiago de Compostela, la capital de Galicia; y a 100 km de A Coru\u00f1a. Direcci\u00f3n Xalfas, 1. 15291 &#8211; Muros (A Coru\u00f1a) Horarios Lunes &#8211; Viernes: 10:00&#8230;<\/p>","protected":false},"author":1,"featured_media":11699,"parent":0,"menu_order":0,"comment_status":"closed","ping_status":"closed","template":"","meta":{"footnotes":""},"class_list":["post-200","page","type-page","status-publish","has-post-thumbnail","hentry"],"yoast_head":"<!-- This site is optimized with the Yoast SEO plugin v25.9 - https:\/\/yoast.com\/wordpress\/plugins\/seo\/ -->\n<title>D\u00f3nde Estamos | Galiflor<\/title>\n<meta name=\"description\" content=\"Nuestros viveros est\u00e1n ubicados en un lugar privilegiado de A Costa da Morte, junto al arenal de Area Maior.\" \/>\n<meta name=\"robots\" content=\"index, follow, max-snippet:-1, max-image-preview:large, max-video-preview:-1\" \/>\n<link rel=\"canonical\" href=\"https:\/\/galiflor.eu\/en\/donde-estamos\/\" \/>\n<meta property=\"og:locale\" content=\"en_GB\" \/>\n<meta property=\"og:type\" content=\"article\" \/>\n<meta property=\"og:title\" content=\"D\u00f3nde Estamos | Galiflor\" \/>\n<meta property=\"og:description\" content=\"Nuestros viveros est\u00e1n ubicados en un lugar privilegiado de A Costa da Morte, junto al arenal de Area Maior.\" \/>\n<meta property=\"og:url\" content=\"https:\/\/galiflor.eu\/en\/donde-estamos\/\" \/>\n<meta property=\"og:site_name\" content=\"Galiflor\" \/>\n<meta property=\"article:publisher\" content=\"https:\/\/www.facebook.com\/galiflor.viveros\" \/>\n<meta property=\"article:modified_time\" content=\"2023-11-13T14:55:49+00:00\" \/>\n<meta property=\"og:image\" content=\"https:\/\/galiflor.eu\/wp-content\/uploads\/2022\/03\/Plants.jpg\" \/>\n\t<meta property=\"og:image:width\" content=\"582\" \/>\n\t<meta property=\"og:image:height\" content=\"440\" \/>\n\t<meta property=\"og:image:type\" content=\"image\/jpeg\" \/>\n<meta name=\"twitter:card\" content=\"summary_large_image\" \/>\n<meta name=\"twitter:label1\" content=\"Estimated reading time\" \/>\n\t<meta name=\"twitter:data1\" content=\"1 minute\" \/>\n<script type=\"application\/ld+json\" class=\"yoast-schema-graph\">{\"@context\":\"https:\/\/schema.org\",\"@graph\":[{\"@type\":\"WebPage\",\"@id\":\"https:\/\/galiflor.eu\/donde-estamos\/\",\"url\":\"https:\/\/galiflor.eu\/donde-estamos\/\",\"name\":\"D\u00f3nde Estamos | Galiflor\",\"isPartOf\":{\"@id\":\"https:\/\/galiflor.eu\/#website\"},\"primaryImageOfPage\":{\"@id\":\"https:\/\/galiflor.eu\/donde-estamos\/#primaryimage\"},\"image\":{\"@id\":\"https:\/\/galiflor.eu\/donde-estamos\/#primaryimage\"},\"thumbnailUrl\":\"https:\/\/galiflor.eu\/wp-content\/uploads\/2022\/03\/Plants.jpg\",\"datePublished\":\"2023-09-12T15:19:08+00:00\",\"dateModified\":\"2023-11-13T14:55:49+00:00\",\"description\":\"Nuestros viveros est\u00e1n ubicados en un lugar privilegiado de A Costa da Morte, junto al arenal de Area Maior.\",\"breadcrumb\":{\"@id\":\"https:\/\/galiflor.eu\/donde-estamos\/#breadcrumb\"},\"inLanguage\":\"en-GB\",\"potentialAction\":[{\"@type\":\"ReadAction\",\"target\":[\"https:\/\/galiflor.eu\/donde-estamos\/\"]}]},{\"@type\":\"ImageObject\",\"inLanguage\":\"en-GB\",\"@id\":\"https:\/\/galiflor.eu\/donde-estamos\/#primaryimage\",\"url\":\"https:\/\/galiflor.eu\/wp-content\/uploads\/2022\/03\/Plants.jpg\",\"contentUrl\":\"https:\/\/galiflor.eu\/wp-content\/uploads\/2022\/03\/Plants.jpg\",\"width\":582,\"height\":440},{\"@type\":\"BreadcrumbList\",\"@id\":\"https:\/\/galiflor.eu\/donde-estamos\/#breadcrumb\",\"itemListElement\":[{\"@type\":\"ListItem\",\"position\":1,\"name\":\"Portada\",\"item\":\"https:\/\/galiflor.eu\/\"},{\"@type\":\"ListItem\",\"position\":2,\"name\":\"D\u00f3nde Estamos\"}]},{\"@type\":\"WebSite\",\"@id\":\"https:\/\/galiflor.eu\/#website\",\"url\":\"https:\/\/galiflor.eu\/\",\"name\":\"Galiflor\",\"description\":\"Vivero de plantas de interior y exterior\",\"publisher\":{\"@id\":\"https:\/\/galiflor.eu\/#organization\"},\"potentialAction\":[{\"@type\":\"SearchAction\",\"target\":{\"@type\":\"EntryPoint\",\"urlTemplate\":\"https:\/\/galiflor.eu\/?s={search_term_string}\"},\"query-input\":{\"@type\":\"PropertyValueSpecification\",\"valueRequired\":true,\"valueName\":\"search_term_string\"}}],\"inLanguage\":\"en-GB\"},{\"@type\":\"Organization\",\"@id\":\"https:\/\/galiflor.eu\/#organization\",\"name\":\"Galiflor\",\"url\":\"https:\/\/galiflor.eu\/\",\"logo\":{\"@type\":\"ImageObject\",\"inLanguage\":\"en-GB\",\"@id\":\"https:\/\/galiflor.eu\/#\/schema\/logo\/image\/\",\"url\":\"https:\/\/galiflor.eu\/wp-content\/uploads\/2022\/01\/galiflor-logo.svg\",\"contentUrl\":\"https:\/\/galiflor.eu\/wp-content\/uploads\/2022\/01\/galiflor-logo.svg\",\"width\":176,\"height\":59,\"caption\":\"Galiflor\"},\"image\":{\"@id\":\"https:\/\/galiflor.eu\/#\/schema\/logo\/image\/\"},\"sameAs\":[\"https:\/\/www.facebook.com\/galiflor.viveros\",\"https:\/\/www.instagram.com\/galiflorviveros\/\"]}]}<\/script>\n<!-- \/ Yoast SEO plugin. -->","yoast_head_json":{"title":"D\u00f3nde Estamos | Galiflor","description":"Nuestros viveros est\u00e1n ubicados en un lugar privilegiado de A Costa da Morte, junto al arenal de Area Maior.","robots":{"index":"index","follow":"follow","max-snippet":"max-snippet:-1","max-image-preview":"max-image-preview:large","max-video-preview":"max-video-preview:-1"},"canonical":"https:\/\/galiflor.eu\/en\/donde-estamos\/","og_locale":"en_GB","og_type":"article","og_title":"D\u00f3nde Estamos | Galiflor","og_description":"Nuestros viveros est\u00e1n ubicados en un lugar privilegiado de A Costa da Morte, junto al arenal de Area Maior.","og_url":"https:\/\/galiflor.eu\/en\/donde-estamos\/","og_site_name":"Galiflor","article_publisher":"https:\/\/www.facebook.com\/galiflor.viveros","article_modified_time":"2023-11-13T14:55:49+00:00","og_image":[{"width":582,"height":440,"url":"https:\/\/galiflor.eu\/wp-content\/uploads\/2022\/03\/Plants.jpg","type":"image\/jpeg"}],"twitter_card":"summary_large_image","twitter_misc":{"Estimated reading time":"1 minute"},"schema":{"@context":"https:\/\/schema.org","@graph":[{"@type":"WebPage","@id":"https:\/\/galiflor.eu\/donde-estamos\/","url":"https:\/\/galiflor.eu\/donde-estamos\/","name":"D\u00f3nde Estamos | Galiflor","isPartOf":{"@id":"https:\/\/galiflor.eu\/#website"},"primaryImageOfPage":{"@id":"https:\/\/galiflor.eu\/donde-estamos\/#primaryimage"},"image":{"@id":"https:\/\/galiflor.eu\/donde-estamos\/#primaryimage"},"thumbnailUrl":"https:\/\/galiflor.eu\/wp-content\/uploads\/2022\/03\/Plants.jpg","datePublished":"2023-09-12T15:19:08+00:00","dateModified":"2023-11-13T14:55:49+00:00","description":"Nuestros viveros est\u00e1n ubicados en un lugar privilegiado de A Costa da Morte, junto al arenal de Area Maior.","breadcrumb":{"@id":"https:\/\/galiflor.eu\/donde-estamos\/#breadcrumb"},"inLanguage":"en-GB","potentialAction":[{"@type":"ReadAction","target":["https:\/\/galiflor.eu\/donde-estamos\/"]}]},{"@type":"ImageObject","inLanguage":"en-GB","@id":"https:\/\/galiflor.eu\/donde-estamos\/#primaryimage","url":"https:\/\/galiflor.eu\/wp-content\/uploads\/2022\/03\/Plants.jpg","contentUrl":"https:\/\/galiflor.eu\/wp-content\/uploads\/2022\/03\/Plants.jpg","width":582,"height":440},{"@type":"BreadcrumbList","@id":"https:\/\/galiflor.eu\/donde-estamos\/#breadcrumb","itemListElement":[{"@type":"ListItem","position":1,"name":"Portada","item":"https:\/\/galiflor.eu\/"},{"@type":"ListItem","position":2,"name":"D\u00f3nde Estamos"}]},{"@type":"WebSite","@id":"https:\/\/galiflor.eu\/#website","url":"https:\/\/galiflor.eu\/","name":"Galiflor","description":"Vivero de plantas de interior y exterior","publisher":{"@id":"https:\/\/galiflor.eu\/#organization"},"potentialAction":[{"@type":"SearchAction","target":{"@type":"EntryPoint","urlTemplate":"https:\/\/galiflor.eu\/?s={search_term_string}"},"query-input":{"@type":"PropertyValueSpecification","valueRequired":true,"valueName":"search_term_string"}}],"inLanguage":"en-GB"},{"@type":"Organization","@id":"https:\/\/galiflor.eu\/#organization","name":"Galiflor","url":"https:\/\/galiflor.eu\/","logo":{"@type":"ImageObject","inLanguage":"en-GB","@id":"https:\/\/galiflor.eu\/#\/schema\/logo\/image\/","url":"https:\/\/galiflor.eu\/wp-content\/uploads\/2022\/01\/galiflor-logo.svg","contentUrl":"https:\/\/galiflor.eu\/wp-content\/uploads\/2022\/01\/galiflor-logo.svg","width":176,"height":59,"caption":"Galiflor"},"image":{"@id":"https:\/\/galiflor.eu\/#\/schema\/logo\/image\/"},"sameAs":["https:\/\/www.facebook.com\/galiflor.viveros","https:\/\/www.instagram.com\/galiflorviveros\/"]}]}},"_links":{"self":[{"href":"https:\/\/galiflor.eu\/en\/wp-json\/wp\/v2\/pages\/200","targetHints":{"allow":["GET"]}}],"collection":[{"href":"https:\/\/galiflor.eu\/en\/wp-json\/wp\/v2\/pages"}],"about":[{"href":"https:\/\/galiflor.eu\/en\/wp-json\/wp\/v2\/types\/page"}],"author":[{"embeddable":true,"href":"https:\/\/galiflor.eu\/en\/wp-json\/wp\/v2\/users\/1"}],"replies":[{"embeddable":true,"href":"https:\/\/galiflor.eu\/en\/wp-json\/wp\/v2\/comments?post=200"}],"version-history":[{"count":56,"href":"https:\/\/galiflor.eu\/en\/wp-json\/wp\/v2\/pages\/200\/revisions"}],"predecessor-version":[{"id":990065,"href":"https:\/\/galiflor.eu\/en\/wp-json\/wp\/v2\/pages\/200\/revisions\/990065"}],"wp:featuredmedia":[{"embeddable":true,"href":"https:\/\/galiflor.eu\/en\/wp-json\/wp\/v2\/media\/11699"}],"wp:attachment":[{"href":"https:\/\/galiflor.eu\/en\/wp-json\/wp\/v2\/media?parent=200"}],"curies":[{"name":"wp","href":"https:\/\/api.w.org\/{rel}","templated":true}]}}